{"id":7355,"date":"2024-09-19T15:14:37","date_gmt":"2024-09-19T13:14:37","guid":{"rendered":"https:\/\/www.haus-des-erinnerns-mainz.de\/?page_id=7355"},"modified":"2024-10-29T13:30:19","modified_gmt":"2024-10-29T12:30:19","slug":"projektinformationen","status":"publish","type":"page","link":"https:\/\/www.haus-des-erinnerns-mainz.de\/index.php\/projekte-ausstellungen\/projekte\/jugendforum\/jufoclaimssocialmedia\/projektinformationen\/","title":{"rendered":""},"content":{"rendered":"\n<figure class=\"wp-block-image size-full\"><img loading=\"lazy\" decoding=\"async\" width=\"1920\" height=\"545\" src=\"https:\/\/www.haus-des-erinnerns-mainz.de\/wp-content\/uploads\/2024\/09\/Header_Website_JuFo_Neue_Rechte-2-1.png\" alt=\"\" class=\"wp-image-7356\" srcset=\"https:\/\/www.haus-des-erinnerns-mainz.de\/wp-content\/uploads\/2024\/09\/Header_Website_JuFo_Neue_Rechte-2-1.png 1920w, https:\/\/www.haus-des-erinnerns-mainz.de\/wp-content\/uploads\/2024\/09\/Header_Website_JuFo_Neue_Rechte-2-1-300x85.png 300w, https:\/\/www.haus-des-erinnerns-mainz.de\/wp-content\/uploads\/2024\/09\/Header_Website_JuFo_Neue_Rechte-2-1-768x218.png 768w, https:\/\/www.haus-des-erinnerns-mainz.de\/wp-content\/uploads\/2024\/09\/Header_Website_JuFo_Neue_Rechte-2-1-1536x436.png 1536w, https:\/\/www.haus-des-erinnerns-mainz.de\/wp-content\/uploads\/2024\/09\/Header_Website_JuFo_Neue_Rechte-2-1-150x43.png 150w\" sizes=\"auto, (max-width: 1920px) 100vw, 1920px\" \/><\/figure>\n\n\n\n<br>\n\n\n\n<p>Das Projekt \u201eNazis online enttarnen. #JufoClaimsSocialMedia\u201c entstand aus der Idee einer Teilnehmerin des Jugendforums. Wir verbringen so viel Zeit unseres Tages auf Social Media und werden dort auch bewusst und unterbewusst mit vielen politischen Inhalten konfrontiert. Wie k\u00f6nnen wir hier aber erkennen, was richtige Informationen und was Fake News sind? Wie erkennen wir, welche Bilder echt sind und welche mit K\u00fcnstlicher Intelligenz kreiert wurden und Deep Fakes sind? Welche Sprache wird von Rechtsextremist*innen genutzt und hinter welchen Codes verstecken sie ihre Messages? Warum sind gerade online Populist*innen und Rechtsextremist*innen so erfolgreich?\u00a0<\/p>\n\n\n\n<p>Wir setzten uns zusammen und \u00fcberlegten uns, wie wir diese Fragen f\u00fcr uns kl\u00e4ren wollen. Dazu hatten wir die Idee, dass wir eine Reihe an interaktiven Veranstaltungen durchf\u00fchren wollen, zu denen wir uns externe Expert*innen einladen, die uns mehr \u00fcber die Themen erz\u00e4hlen k\u00f6nnen. Somit entstand eine Workshop Reihe, die ab dem 11. Juni 2024 jeden Dienstag ab 17 Uhr ein bestimmtes Thema umfasste. Bei einem abschlie\u00dfendem Tagesworkshop wurde alles noch mal zusammengefasst und wir \u00fcberlegten uns, wie wir unser neues Wissen weitergeben k\u00f6nnen.\u00a0<\/p>\n\n\n\n<br>\n\n\n\n<div class=\"wp-block-columns is-layout-flex wp-container-core-columns-is-layout-9d6595d7 wp-block-columns-is-layout-flex\">\n<div class=\"wp-block-column is-layout-flow wp-block-column-is-layout-flow\">\n<figure class=\"wp-block-image size-full\"><img loading=\"lazy\" decoding=\"async\" width=\"1080\" height=\"1080\" src=\"https:\/\/www.haus-des-erinnerns-mainz.de\/wp-content\/uploads\/2024\/09\/Workshopreihe-Jufo-1.png\" alt=\"\" class=\"wp-image-7357\" srcset=\"https:\/\/www.haus-des-erinnerns-mainz.de\/wp-content\/uploads\/2024\/09\/Workshopreihe-Jufo-1.png 1080w, https:\/\/www.haus-des-erinnerns-mainz.de\/wp-content\/uploads\/2024\/09\/Workshopreihe-Jufo-1-300x300.png 300w, https:\/\/www.haus-des-erinnerns-mainz.de\/wp-content\/uploads\/2024\/09\/Workshopreihe-Jufo-1-150x150.png 150w, https:\/\/www.haus-des-erinnerns-mainz.de\/wp-content\/uploads\/2024\/09\/Workshopreihe-Jufo-1-768x768.png 768w\" sizes=\"auto, (max-width: 1080px) 100vw, 1080px\" \/><\/figure>\n\n\n\n<p><\/p>\n<\/div>\n\n\n\n<div class=\"wp-block-column is-layout-flow wp-block-column-is-layout-flow\">\n<figure class=\"wp-block-image size-full\"><img loading=\"lazy\" decoding=\"async\" width=\"1080\" height=\"1080\" src=\"https:\/\/www.haus-des-erinnerns-mainz.de\/wp-content\/uploads\/2024\/09\/Workshopreihe-Jufo-6.png\" alt=\"\" class=\"wp-image-7358\" srcset=\"https:\/\/www.haus-des-erinnerns-mainz.de\/wp-content\/uploads\/2024\/09\/Workshopreihe-Jufo-6.png 1080w, https:\/\/www.haus-des-erinnerns-mainz.de\/wp-content\/uploads\/2024\/09\/Workshopreihe-Jufo-6-300x300.png 300w, https:\/\/www.haus-des-erinnerns-mainz.de\/wp-content\/uploads\/2024\/09\/Workshopreihe-Jufo-6-150x150.png 150w, https:\/\/www.haus-des-erinnerns-mainz.de\/wp-content\/uploads\/2024\/09\/Workshopreihe-Jufo-6-768x768.png 768w\" sizes=\"auto, (max-width: 1080px) 100vw, 1080px\" \/><\/figure>\n\n\n\n<p><\/p>\n<\/div>\n<\/div>\n\n\n\n<br>\n\n\n\n<p>Deshalb haben wir uns entschlossen, euch auf dieser Webseite alles weiterzugeben, was wir gelernt haben. Zus\u00e4tzlich wollen wir eine Posterkampagne in Mainz starten und eine Social Media Kampagne auf unserem Instagram und TikTok Kanal. Falls ihr Fragen habt oder Hilfe braucht, so kontaktiert uns gerne \u00fcber die Social Media Portale oder unter <a href=\"mailto:jufo@hde-mainz.de\">jufo@hde-mainz.de<\/a>.\u00a0<\/p>\n\n\n\n<p>Die Umsetzung des Projektes w\u00e4re nicht m\u00f6glich gewesen, wenn wir nicht die Unterst\u00fctzung einiger Kooperationspartner h\u00e4tten. Besonders zu nennen ist hier das Fanprojekt Mainz e.V. und der AStA Mainz. Au\u00dferdem danken wir wie immer dem Haus des Erinnerns \u2013 f\u00fcr Demokratie und Akzeptanz Mainz, bei dem wir all die Workshops umsetzen konnten.<br> <\/p>\n\n\n\n<div class=\"wp-block-columns has-x-large-font-size is-layout-flex wp-container-core-columns-is-layout-9d6595d7 wp-block-columns-is-layout-flex\">\n<div class=\"wp-block-column is-layout-flow wp-block-column-is-layout-flow\">\n<figure class=\"wp-block-image size-full\"><img loading=\"lazy\" decoding=\"async\" width=\"678\" height=\"317\" src=\"https:\/\/www.haus-des-erinnerns-mainz.de\/wp-content\/uploads\/2024\/09\/FPM_Logo.png\" alt=\"\" class=\"wp-image-7377\" srcset=\"https:\/\/www.haus-des-erinnerns-mainz.de\/wp-content\/uploads\/2024\/09\/FPM_Logo.png 678w, https:\/\/www.haus-des-erinnerns-mainz.de\/wp-content\/uploads\/2024\/09\/FPM_Logo-300x140.png 300w, https:\/\/www.haus-des-erinnerns-mainz.de\/wp-content\/uploads\/2024\/09\/FPM_Logo-150x70.png 150w\" sizes=\"auto, (max-width: 678px) 100vw, 678px\" \/><\/figure>\n<\/div>\n\n\n\n<div class=\"wp-block-column is-layout-flow wp-block-column-is-layout-flow\">\n<figure class=\"wp-block-image size-full\"><img loading=\"lazy\" decoding=\"async\" width=\"945\" height=\"717\" src=\"https:\/\/www.haus-des-erinnerns-mainz.de\/wp-content\/uploads\/2024\/09\/Haus-des-Erinnerns-Logo-Grau.jpg\" alt=\"\" class=\"wp-image-7379\" srcset=\"https:\/\/www.haus-des-erinnerns-mainz.de\/wp-content\/uploads\/2024\/09\/Haus-des-Erinnerns-Logo-Grau.jpg 945w, https:\/\/www.haus-des-erinnerns-mainz.de\/wp-content\/uploads\/2024\/09\/Haus-des-Erinnerns-Logo-Grau-300x228.jpg 300w, https:\/\/www.haus-des-erinnerns-mainz.de\/wp-content\/uploads\/2024\/09\/Haus-des-Erinnerns-Logo-Grau-768x583.jpg 768w, https:\/\/www.haus-des-erinnerns-mainz.de\/wp-content\/uploads\/2024\/09\/Haus-des-Erinnerns-Logo-Grau-150x114.jpg 150w\" sizes=\"auto, (max-width: 945px) 100vw, 945px\" \/><\/figure>\n<\/div>\n\n\n\n<div class=\"wp-block-column is-layout-flow wp-block-column-is-layout-flow\">\n<figure class=\"wp-block-image size-full\"><img loading=\"lazy\" decoding=\"async\" width=\"2660\" height=\"1601\" src=\"https:\/\/www.haus-des-erinnerns-mainz.de\/wp-content\/uploads\/2024\/09\/AStA_1200x800.png\" alt=\"\" class=\"wp-image-7378\" srcset=\"https:\/\/www.haus-des-erinnerns-mainz.de\/wp-content\/uploads\/2024\/09\/AStA_1200x800.png 2660w, https:\/\/www.haus-des-erinnerns-mainz.de\/wp-content\/uploads\/2024\/09\/AStA_1200x800-300x181.png 300w, https:\/\/www.haus-des-erinnerns-mainz.de\/wp-content\/uploads\/2024\/09\/AStA_1200x800-768x462.png 768w, https:\/\/www.haus-des-erinnerns-mainz.de\/wp-content\/uploads\/2024\/09\/AStA_1200x800-1536x924.png 1536w, https:\/\/www.haus-des-erinnerns-mainz.de\/wp-content\/uploads\/2024\/09\/AStA_1200x800-2048x1233.png 2048w, https:\/\/www.haus-des-erinnerns-mainz.de\/wp-content\/uploads\/2024\/09\/AStA_1200x800-150x90.png 150w\" sizes=\"auto, (max-width: 2660px) 100vw, 2660px\" \/><\/figure>\n<\/div>\n<\/div>\n\n\n\n<br>\n\n\n\n<p><br>Einen ganz gro\u00dfen Dank senden wir auch an das Zukunftspaket, das mit einer F\u00f6rderung ma\u00dfgeblich dazu beitrug, dass wir das alles realisieren konnten.<br><\/p>\n\n\n\n<br>\n\n\n\n<div class=\"wp-block-columns is-layout-flex wp-container-core-columns-is-layout-9d6595d7 wp-block-columns-is-layout-flex\">\n<div class=\"wp-block-column is-layout-flow wp-block-column-is-layout-flow\">\n<figure class=\"wp-block-image size-full\"><img loading=\"lazy\" decoding=\"async\" width=\"400\" height=\"250\" src=\"https:\/\/www.haus-des-erinnerns-mainz.de\/wp-content\/uploads\/2024\/09\/Programmlogo.png\" alt=\"\" class=\"wp-image-7359\" srcset=\"https:\/\/www.haus-des-erinnerns-mainz.de\/wp-content\/uploads\/2024\/09\/Programmlogo.png 400w, https:\/\/www.haus-des-erinnerns-mainz.de\/wp-content\/uploads\/2024\/09\/Programmlogo-300x188.png 300w, https:\/\/www.haus-des-erinnerns-mainz.de\/wp-content\/uploads\/2024\/09\/Programmlogo-150x94.png 150w\" sizes=\"auto, (max-width: 400px) 100vw, 400px\" \/><\/figure>\n<\/div>\n\n\n\n<div class=\"wp-block-column is-layout-flow wp-block-column-is-layout-flow\">\n<p>Das Zukunftspaket f\u00fcr Bewegung, Kultur und Gesundheit\u202fist ein Programm des Bundesministeriums f\u00fcr Familie, Senioren, Frauen und Jugend (BMFSFJ). Es wird umgesetzt von der Gesellschaft f\u00fcr soziale Unternehmensberatung (gsub) und der Stiftung SPI. Der Programmteil \u201eJugendgerechte Kommunikation und Antragsberatung\u201c wird verantwortet von der Deutschen Kinder- und Jugendstiftung (DKJS).<br><\/p>\n<\/div>\n<\/div>\n\n\n\n<br>\n\n\n\n<p>Wir bedanken uns auch, dass das Zukunftspaket uns als ein Modelprojekt auserw\u00e4hlt hat und wir dieses Projekt in Berlin bei einem Galery Walk der Konferenz des Zukunftspaketes vorstellen durften.&nbsp;<\/p>\n\n\n\n<figure class=\"wp-block-gallery has-nested-images columns-default is-cropped wp-block-gallery-1 is-layout-flex wp-block-gallery-is-layout-flex\">\n<figure class=\"wp-block-image size-large\"><img loading=\"lazy\" decoding=\"async\" width=\"2086\" height=\"2560\" data-id=\"7580\" src=\"https:\/\/www.haus-des-erinnerns-mainz.de\/wp-content\/uploads\/2024\/10\/Posten-scaled.jpeg\" alt=\"\" class=\"wp-image-7580\" srcset=\"https:\/\/www.haus-des-erinnerns-mainz.de\/wp-content\/uploads\/2024\/10\/Posten-scaled.jpeg 2086w, https:\/\/www.haus-des-erinnerns-mainz.de\/wp-content\/uploads\/2024\/10\/Posten-244x300.jpeg 244w, https:\/\/www.haus-des-erinnerns-mainz.de\/wp-content\/uploads\/2024\/10\/Posten-768x943.jpeg 768w, https:\/\/www.haus-des-erinnerns-mainz.de\/wp-content\/uploads\/2024\/10\/Posten-1251x1536.jpeg 1251w, https:\/\/www.haus-des-erinnerns-mainz.de\/wp-content\/uploads\/2024\/10\/Posten-1669x2048.jpeg 1669w, https:\/\/www.haus-des-erinnerns-mainz.de\/wp-content\/uploads\/2024\/10\/Posten-122x150.jpeg 122w\" sizes=\"auto, (max-width: 2086px) 100vw, 2086px\" \/><\/figure>\n\n\n\n<figure class=\"wp-block-image size-large\"><img loading=\"lazy\" decoding=\"async\" width=\"2560\" height=\"2084\" data-id=\"7578\" src=\"https:\/\/www.haus-des-erinnerns-mainz.de\/wp-content\/uploads\/2024\/10\/Posten3-scaled.jpeg\" alt=\"\" class=\"wp-image-7578\" srcset=\"https:\/\/www.haus-des-erinnerns-mainz.de\/wp-content\/uploads\/2024\/10\/Posten3-scaled.jpeg 2560w, https:\/\/www.haus-des-erinnerns-mainz.de\/wp-content\/uploads\/2024\/10\/Posten3-300x244.jpeg 300w, https:\/\/www.haus-des-erinnerns-mainz.de\/wp-content\/uploads\/2024\/10\/Posten3-768x625.jpeg 768w, https:\/\/www.haus-des-erinnerns-mainz.de\/wp-content\/uploads\/2024\/10\/Posten3-1536x1251.jpeg 1536w, https:\/\/www.haus-des-erinnerns-mainz.de\/wp-content\/uploads\/2024\/10\/Posten3-2048x1667.jpeg 2048w, https:\/\/www.haus-des-erinnerns-mainz.de\/wp-content\/uploads\/2024\/10\/Posten3-150x122.jpeg 150w\" sizes=\"auto, (max-width: 2560px) 100vw, 2560px\" \/><\/figure>\n\n\n\n<figure class=\"wp-block-image size-large\"><img loading=\"lazy\" decoding=\"async\" width=\"2560\" height=\"1855\" data-id=\"7579\" src=\"https:\/\/www.haus-des-erinnerns-mainz.de\/wp-content\/uploads\/2024\/10\/Posten4-scaled.jpeg\" alt=\"\" class=\"wp-image-7579\" srcset=\"https:\/\/www.haus-des-erinnerns-mainz.de\/wp-content\/uploads\/2024\/10\/Posten4-scaled.jpeg 2560w, https:\/\/www.haus-des-erinnerns-mainz.de\/wp-content\/uploads\/2024\/10\/Posten4-300x217.jpeg 300w, https:\/\/www.haus-des-erinnerns-mainz.de\/wp-content\/uploads\/2024\/10\/Posten4-768x557.jpeg 768w, https:\/\/www.haus-des-erinnerns-mainz.de\/wp-content\/uploads\/2024\/10\/Posten4-1536x1113.jpeg 1536w, https:\/\/www.haus-des-erinnerns-mainz.de\/wp-content\/uploads\/2024\/10\/Posten4-2048x1484.jpeg 2048w, https:\/\/www.haus-des-erinnerns-mainz.de\/wp-content\/uploads\/2024\/10\/Posten4-150x109.jpeg 150w\" sizes=\"auto, (max-width: 2560px) 100vw, 2560px\" \/><\/figure>\n\n\n\n<figure class=\"wp-block-image size-large\"><img loading=\"lazy\" decoding=\"async\" width=\"2560\" height=\"1983\" data-id=\"7582\" src=\"https:\/\/www.haus-des-erinnerns-mainz.de\/wp-content\/uploads\/2024\/10\/Posten7-scaled.jpeg\" alt=\"\" class=\"wp-image-7582\" srcset=\"https:\/\/www.haus-des-erinnerns-mainz.de\/wp-content\/uploads\/2024\/10\/Posten7-scaled.jpeg 2560w, https:\/\/www.haus-des-erinnerns-mainz.de\/wp-content\/uploads\/2024\/10\/Posten7-300x232.jpeg 300w, https:\/\/www.haus-des-erinnerns-mainz.de\/wp-content\/uploads\/2024\/10\/Posten7-768x595.jpeg 768w, https:\/\/www.haus-des-erinnerns-mainz.de\/wp-content\/uploads\/2024\/10\/Posten7-1536x1190.jpeg 1536w, https:\/\/www.haus-des-erinnerns-mainz.de\/wp-content\/uploads\/2024\/10\/Posten7-2048x1586.jpeg 2048w, https:\/\/www.haus-des-erinnerns-mainz.de\/wp-content\/uploads\/2024\/10\/Posten7-150x116.jpeg 150w, https:\/\/www.haus-des-erinnerns-mainz.de\/wp-content\/uploads\/2024\/10\/Posten7-400x311.jpeg 400w\" sizes=\"auto, (max-width: 2560px) 100vw, 2560px\" \/><\/figure>\n\n\n\n<figure class=\"wp-block-image size-large\"><img loading=\"lazy\" decoding=\"async\" width=\"2560\" height=\"1882\" data-id=\"7581\" src=\"https:\/\/www.haus-des-erinnerns-mainz.de\/wp-content\/uploads\/2024\/10\/Posten8-scaled.jpeg\" alt=\"\" class=\"wp-image-7581\" srcset=\"https:\/\/www.haus-des-erinnerns-mainz.de\/wp-content\/uploads\/2024\/10\/Posten8-scaled.jpeg 2560w, https:\/\/www.haus-des-erinnerns-mainz.de\/wp-content\/uploads\/2024\/10\/Posten8-300x221.jpeg 300w, https:\/\/www.haus-des-erinnerns-mainz.de\/wp-content\/uploads\/2024\/10\/Posten8-768x565.jpeg 768w, https:\/\/www.haus-des-erinnerns-mainz.de\/wp-content\/uploads\/2024\/10\/Posten8-1536x1129.jpeg 1536w, https:\/\/www.haus-des-erinnerns-mainz.de\/wp-content\/uploads\/2024\/10\/Posten8-2048x1506.jpeg 2048w, https:\/\/www.haus-des-erinnerns-mainz.de\/wp-content\/uploads\/2024\/10\/Posten8-150x110.jpeg 150w\" sizes=\"auto, (max-width: 2560px) 100vw, 2560px\" \/><\/figure>\n<\/figure>\n\n\n\n<figure class=\"wp-block-gallery has-nested-images columns-default is-cropped wp-block-gallery-2 is-layout-flex wp-block-gallery-is-layout-flex\"><\/figure>\n","protected":false},"excerpt":{"rendered":"<p>Das Projekt \u201eNazis online enttarnen. #JufoClaimsSocialMedia\u201c entstand aus der Idee einer Teilnehmerin des Jugendforums. Wir verbringen so viel Zeit unseres Tages auf Social Media und werden dort auch bewusst und unterbewusst mit vielen politischen Inhalten konfrontiert. Wie k\u00f6nnen wir hier aber erkennen, was richtige Informationen und was Fake News sind?&#8230;<\/p>\n<p> <a class=\"continue-reading-link\" href=\"https:\/\/www.haus-des-erinnerns-mainz.de\/index.php\/projekte-ausstellungen\/projekte\/jugendforum\/jufoclaimssocialmedia\/projektinformationen\/\"><span>Weiterlesen<\/span><i class=\"crycon-right-dir\"><\/i><\/a> <\/p>\n","protected":false},"author":4,"featured_media":0,"parent":7284,"menu_order":0,"comment_status":"closed","ping_status":"closed","template":"","meta":{"episode_type":"","audio_file":"","podmotor_file_id":"","podmotor_episode_id":"","cover_image":"","cover_image_id":"","duration":"","filesize":"","filesize_raw":"","date_recorded":"","explicit":"","block":"","ngg_post_thumbnail":0,"_price":"","_stock":"","_tribe_ticket_header":"","_tribe_default_ticket_provider":"","_tribe_ticket_capacity":"0","_ticket_start_date":"","_ticket_end_date":"","_tribe_ticket_show_description":"","_tribe_ticket_show_not_going":false,"_tribe_ticket_use_global_stock":"","_tribe_ticket_global_stock_level":"","_global_stock_mode":"","_global_stock_cap":"","_tribe_rsvp_for_event":"","_tribe_ticket_going_count":"","_tribe_ticket_not_going_count":"","_tribe_tickets_list":"[]","_tribe_ticket_has_attendee_info_fields":false,"footnotes":"","_tec_slr_enabled":"","_tec_slr_layout":""},"class_list":["post-7355","page","type-page","status-publish","hentry"],"ticketed":false,"_links":{"self":[{"href":"https:\/\/www.haus-des-erinnerns-mainz.de\/index.php\/wp-json\/wp\/v2\/pages\/7355","targetHints":{"allow":["GET"]}}],"collection":[{"href":"https:\/\/www.haus-des-erinnerns-mainz.de\/index.php\/wp-json\/wp\/v2\/pages"}],"about":[{"href":"https:\/\/www.haus-des-erinnerns-mainz.de\/index.php\/wp-json\/wp\/v2\/types\/page"}],"author":[{"embeddable":true,"href":"https:\/\/www.haus-des-erinnerns-mainz.de\/index.php\/wp-json\/wp\/v2\/users\/4"}],"replies":[{"embeddable":true,"href":"https:\/\/www.haus-des-erinnerns-mainz.de\/index.php\/wp-json\/wp\/v2\/comments?post=7355"}],"version-history":[{"count":8,"href":"https:\/\/www.haus-des-erinnerns-mainz.de\/index.php\/wp-json\/wp\/v2\/pages\/7355\/revisions"}],"predecessor-version":[{"id":7583,"href":"https:\/\/www.haus-des-erinnerns-mainz.de\/index.php\/wp-json\/wp\/v2\/pages\/7355\/revisions\/7583"}],"up":[{"embeddable":true,"href":"https:\/\/www.haus-des-erinnerns-mainz.de\/index.php\/wp-json\/wp\/v2\/pages\/7284"}],"wp:attachment":[{"href":"https:\/\/www.haus-des-erinnerns-mainz.de\/index.php\/wp-json\/wp\/v2\/media?parent=7355"}],"curies":[{"name":"wp","href":"https:\/\/api.w.org\/{rel}","templated":true}]}}