{"id":6742,"date":"2024-01-05T14:55:12","date_gmt":"2024-01-05T13:55:12","guid":{"rendered":"https:\/\/www.haus-des-erinnerns-mainz.de\/?page_id=6742"},"modified":"2024-01-05T16:09:57","modified_gmt":"2024-01-05T15:09:57","slug":"planspiel","status":"publish","type":"page","link":"https:\/\/www.haus-des-erinnerns-mainz.de\/index.php\/planspiel\/","title":{"rendered":""},"content":{"rendered":"\n<figure class=\"wp-block-image size-large\"><img loading=\"lazy\" decoding=\"async\" width=\"4024\" height=\"473\" src=\"https:\/\/www.haus-des-erinnerns-mainz.de\/wp-content\/uploads\/2024\/01\/Header_Ueberschriften_Planspiel-4024x473.jpg\" alt=\"\" class=\"wp-image-6739\" srcset=\"https:\/\/www.haus-des-erinnerns-mainz.de\/wp-content\/uploads\/2024\/01\/Header_Ueberschriften_Planspiel-4024x473.jpg 4024w, https:\/\/www.haus-des-erinnerns-mainz.de\/wp-content\/uploads\/2024\/01\/Header_Ueberschriften_Planspiel-300x35.jpg 300w, https:\/\/www.haus-des-erinnerns-mainz.de\/wp-content\/uploads\/2024\/01\/Header_Ueberschriften_Planspiel-768x90.jpg 768w, https:\/\/www.haus-des-erinnerns-mainz.de\/wp-content\/uploads\/2024\/01\/Header_Ueberschriften_Planspiel-1536x181.jpg 1536w, https:\/\/www.haus-des-erinnerns-mainz.de\/wp-content\/uploads\/2024\/01\/Header_Ueberschriften_Planspiel-2048x241.jpg 2048w, https:\/\/www.haus-des-erinnerns-mainz.de\/wp-content\/uploads\/2024\/01\/Header_Ueberschriften_Planspiel-150x18.jpg 150w\" sizes=\"auto, (max-width: 4024px) 100vw, 4024px\" \/><\/figure>\n\n\n\n<br>\n\n\n\n<h5 class=\"wp-block-heading\"><br><strong>Planspiel: Demokratisches Zusammenleben<\/strong><\/h5>\n\n\n\n<p><br><strong>Lerninhalt:<\/strong><br>In drei Planspielen lernen die Teilnehmer*innen Ausgrenzungsmechanismen kennen und hinterfragen, wie demokratisches Zusammenleben gelingen kann. Der erste und zweite Teil des Planspiels besch\u00e4ftigen sich mit gesellschaftlicher und sozialer Ausgrenzung in Alltagssituationen. Eine dieser Alltagssituationen spielt sich in einem Bus ab und eignet sich prinzipiell auch f\u00fcr j\u00fcngere Teilnehmer*innen, wenn diese mit der Methode eines Plan- oder Rollenspiels vertraut sind. Die zweite Situation findet auf einem Markt statt und bietet die M\u00f6glichkeit, viele Rollen gleichzeitig unterzubringen. Im dritten vertiefenden Teil werden Ausgrenzungsmechanismen auf staatlicher, politischer und \u00f6ffentlicher Ebene verdeutlicht.<br>Grundlage des Planspiels bildet das fiktive Land Narubien, in dem es nach einer langen Bl\u00fctezeit zu einer wirtschaftlichen Krise kam. Dadurch, dass die Unzufriedenheit innerhalb der Bev\u00f6lkerung wuchs, kommt es vermehrt zu Ausgrenzungsmechanismen in der narubischen Gesellschaft. Im Planspiel schl\u00fcpfen die Teilnehmer*innen in verschiedene Rollen und widmen sich so aus unterschiedlichen Perspektiven der Frage: Wie geht man mit Ausgrenzung um und wie kann ein demokratisches Zusammenleben gestaltet werden?<\/p>\n\n\n\n<p class=\"has-white-color has-text-color has-background has-link-color wp-elements-c785a75d2ab49e548c1eb61d75cbc835\" style=\"background-color:#5a8975\"><strong>Teil 1: Ausgrenzung im Alltag<\/strong>: <strong>Bussituation<\/strong><br><strong>Zielgruppe: <\/strong>ab 7. Klasse (bei Vertrautheit mit der Methode); sonst ab 9. Klasse<br><strong>Dauer:<\/strong> 90 Minuten<br><strong>Gruppengr\u00f6\u00dfe:<\/strong> bis 35 Personen<\/p>\n\n\n\n<p class=\"has-white-color has-text-color has-background has-link-color wp-elements-02d8e106e95d7d14d77d7d2492fe979b\" style=\"background-color:#5a8975\"><strong>Teil 1: Ausgrenzung im Alltag<\/strong>: <strong>Marktsituation<\/strong><br><strong>Zielgruppe: <\/strong>ab 9. Klasse<br><strong>Dauer:<\/strong> 120 Minuten<br><strong>Gruppengr\u00f6\u00dfe:<\/strong> bis 35 Personen<\/p>\n\n\n\n<p class=\"has-white-color has-text-color has-background has-link-color wp-elements-d073013e25a1cc943c531b1d8e198692\" style=\"background-color:#5a8975\"><strong>Teil 1&amp;3: Ausgrenzung im Alltag, auf staatlicher, politischer und \u00f6ffentlicher Ebene<\/strong><br><strong>Zielgruppe:<\/strong> ab 10. Klasse<br><strong>Dauer:<\/strong> circa 4 Stunden (plus Mittagspause)<br><strong>Gruppengr\u00f6\u00dfe:<\/strong> bis 35 Personen<br><a href=\"https:\/\/www.haus-des-erinnerns-mainz.de\/wp-content\/uploads\/2024\/01\/Handreichung_Planspiel_Narubien_neu.pdf\" target=\"_blank\" rel=\"noreferrer noopener\"><strong>\u2192 Zum Download:<\/strong> Handreichung Planspiel Narubien<\/a><\/p>\n","protected":false},"excerpt":{"rendered":"<p>Planspiel: Demokratisches Zusammenleben Lerninhalt:In drei Planspielen lernen die Teilnehmer*innen Ausgrenzungsmechanismen kennen und hinterfragen, wie demokratisches Zusammenleben gelingen kann. Der erste und zweite Teil des Planspiels besch\u00e4ftigen sich mit gesellschaftlicher und sozialer Ausgrenzung in Alltagssituationen. Eine dieser Alltagssituationen spielt sich in einem Bus ab und eignet sich prinzipiell auch f\u00fcr j\u00fcngere&#8230;<\/p>\n<p> <a class=\"continue-reading-link\" href=\"https:\/\/www.haus-des-erinnerns-mainz.de\/index.php\/planspiel\/\"><span>Weiterlesen<\/span><i class=\"crycon-right-dir\"><\/i><\/a> <\/p>\n","protected":false},"author":4,"featured_media":0,"parent":0,"menu_order":0,"comment_status":"closed","ping_status":"closed","template":"","meta":{"episode_type":"","audio_file":"","podmotor_file_id":"","podmotor_episode_id":"","cover_image":"","cover_image_id":"","duration":"","filesize":"","filesize_raw":"","date_recorded":"","explicit":"","block":"","ngg_post_thumbnail":0,"_price":"","_stock":"","_tribe_ticket_header":"","_tribe_default_ticket_provider":"","_tribe_ticket_capacity":"0","_ticket_start_date":"","_ticket_end_date":"","_tribe_ticket_show_description":"","_tribe_ticket_show_not_going":false,"_tribe_ticket_use_global_stock":"","_tribe_ticket_global_stock_level":"","_global_stock_mode":"","_global_stock_cap":"","_tribe_rsvp_for_event":"","_tribe_ticket_going_count":"","_tribe_ticket_not_going_count":"","_tribe_tickets_list":"[]","_tribe_ticket_has_attendee_info_fields":false,"footnotes":"","_tec_slr_enabled":"","_tec_slr_layout":""},"class_list":["post-6742","page","type-page","status-publish","hentry"],"ticketed":false,"_links":{"self":[{"href":"https:\/\/www.haus-des-erinnerns-mainz.de\/index.php\/wp-json\/wp\/v2\/pages\/6742","targetHints":{"allow":["GET"]}}],"collection":[{"href":"https:\/\/www.haus-des-erinnerns-mainz.de\/index.php\/wp-json\/wp\/v2\/pages"}],"about":[{"href":"https:\/\/www.haus-des-erinnerns-mainz.de\/index.php\/wp-json\/wp\/v2\/types\/page"}],"author":[{"embeddable":true,"href":"https:\/\/www.haus-des-erinnerns-mainz.de\/index.php\/wp-json\/wp\/v2\/users\/4"}],"replies":[{"embeddable":true,"href":"https:\/\/www.haus-des-erinnerns-mainz.de\/index.php\/wp-json\/wp\/v2\/comments?post=6742"}],"version-history":[{"count":2,"href":"https:\/\/www.haus-des-erinnerns-mainz.de\/index.php\/wp-json\/wp\/v2\/pages\/6742\/revisions"}],"predecessor-version":[{"id":6792,"href":"https:\/\/www.haus-des-erinnerns-mainz.de\/index.php\/wp-json\/wp\/v2\/pages\/6742\/revisions\/6792"}],"wp:attachment":[{"href":"https:\/\/www.haus-des-erinnerns-mainz.de\/index.php\/wp-json\/wp\/v2\/media?parent=6742"}],"curies":[{"name":"wp","href":"https:\/\/api.w.org\/{rel}","templated":true}]}}