{"id":5522,"date":"2022-10-12T09:17:36","date_gmt":"2022-10-12T07:17:36","guid":{"rendered":"https:\/\/www.haus-des-erinnerns-mainz.de\/?page_id=5522"},"modified":"2024-01-17T19:27:16","modified_gmt":"2024-01-17T18:27:16","slug":"band-2","status":"publish","type":"page","link":"https:\/\/www.haus-des-erinnerns-mainz.de\/index.php\/archiv\/schriftenreihe-hde\/band-2\/","title":{"rendered":"Zwangssterilisation und Ermordung im Rahmen der NS-\u201aEuthanasie\u2018 und ihre Opfer in Mainz und Rheinhessen"},"content":{"rendered":"\n<br>\n\n\n<div class=\"wp-block-image\">\n<figure class=\"aligncenter size-large is-resized\"><img loading=\"lazy\" decoding=\"async\" width=\"688\" height=\"1024\" src=\"https:\/\/www.haus-des-erinnerns-mainz.de\/wp-content\/uploads\/2022\/09\/Euthanasie_Cover-688x1024.jpg\" alt=\"\" class=\"wp-image-5475\" style=\"width:457px\" srcset=\"https:\/\/www.haus-des-erinnerns-mainz.de\/wp-content\/uploads\/2022\/09\/Euthanasie_Cover-688x1024.jpg 688w, https:\/\/www.haus-des-erinnerns-mainz.de\/wp-content\/uploads\/2022\/09\/Euthanasie_Cover-202x300.jpg 202w, https:\/\/www.haus-des-erinnerns-mainz.de\/wp-content\/uploads\/2022\/09\/Euthanasie_Cover-768x1143.jpg 768w, https:\/\/www.haus-des-erinnerns-mainz.de\/wp-content\/uploads\/2022\/09\/Euthanasie_Cover-1032x1536.jpg 1032w, https:\/\/www.haus-des-erinnerns-mainz.de\/wp-content\/uploads\/2022\/09\/Euthanasie_Cover-1376x2048.jpg 1376w, https:\/\/www.haus-des-erinnerns-mainz.de\/wp-content\/uploads\/2022\/09\/Euthanasie_Cover-101x150.jpg 101w, https:\/\/www.haus-des-erinnerns-mainz.de\/wp-content\/uploads\/2022\/09\/Euthanasie_Cover-scaled.jpg 1720w\" sizes=\"auto, (max-width: 688px) 100vw, 688px\" \/><\/figure><\/div>\n\n\n<br>\n\n\n\n<p>Bei Band 2 unserer Schriftenreihe \u201eErinnerungskultur und Demokratie\u201c handelt es sich um einen begleitenden Sammelband zur gleichnamigen Ausstellung. Erstmals wird in diesem Band die Geschichte der NS-\u201aEuthanasie\u2018 in der Region Mainz und Rheinhessen genauer beleuchtet. Grundlage hierf\u00fcr waren ein Forschungsprojekt und eine Ausstellung. Neben dem regionalgeschichtlichen und biografischen Schwerpunkt vereint dieser Band Beitr\u00e4ge zur \u201aKindereuthanasie\u2018, zur ehemaligen T\u00f6tungsanstalt Hadamar und dem Mainzer Medizinwesen sowie zum Wandel des \u201aEuthanasie\u2018-Begriffes und der Sterbehilfedebatte in Deutschland.<\/p>\n\n\n\n<p><strong>Renate Rosenau<\/strong>, die sich bereits seit den 1990er-Jahren der Erforschung der Geschichte der NS-\u201aEuthanasie\u2018 widmet, stellt in ihrem Beitrag die Geschichte der Zwangssterilisation und Ermordung im Rahmen der NS-\u201aEuthanasie\u2018 dar und legt dabei besonderes Augenmerk auf die Opfer in Mainz und Rheinhessen.<\/p>\n\n\n\n<p>Der Historiker <strong>Christoph Schmieder<\/strong> schildert in seinem Aufsatz das Forschungsprojekt zur NS-\u201aEuthanasie\u2018 in Mainz. Dabei gibt er einen Einblick in seine Recherchen, Erfahrungen und Ergebnisse, um aufzuzeigen, wie ein solches Projekt abl\u00e4uft und mit welchen Herausforderungen dies verbunden ist.<\/p>\n\n\n\n<p>Der ehemalige Leiter der gr\u00f6\u00dften \u201aEuthanasie\u2018-Gedenkst\u00e4tte Deutschlands in Hadamar, <strong>Georg Lilienthal<\/strong>, beleuchtet in seinem Beitrag die sogenannte \u201aKindereuthanasie\u2018, wobei er einen besonderen Blick auf die \u201aKinderfachabteilung\u2018 in der Anstalt Eichberg wirft und exemplarische Einzelschicksale schildert.<\/p>\n\n\n\n<p>Die Medizinstudentin <strong>Juliane Eschler<\/strong>, die sich im Rahmen ihrer Dissertation mit den Mainzer Opfern, aber vor allem auch den Mainzer T\u00e4ter*innen der NS-\u201aEuthanasie\u2018 besch\u00e4ftigt, legt in ihrem Beitrag den Fokus auf die Verstrickung des Mainzer Gesundheitswesens in die Verbrechen der NS-\u201aEuthanasie\u2018.<\/p>\n\n\n\n<p><strong>Judith Sucher<\/strong>, die seit 2020 die p\u00e4dagogische Leitung in der Gedenkst\u00e4tte Hadamar \u00fcbernommen hat, beschreibt in ihrem Beitrag zum einen die Geschichte der T\u00f6tungsanstalt Hadamar und gibt zum anderen einen Einblick in die p\u00e4dagogische Arbeit in der Gedenkst\u00e4tte.<\/p>\n\n\n\n<p>Unser Begleitband schlie\u00dft mit dem gemeinschaftlichen Beitrag von <strong>Juliane Eschler<\/strong> und dem Betreuer ihrer Dissertation <strong>Norbert W. Paul<\/strong>. Darin besch\u00e4ftigen sie sich mit dem Wandel des Begriffs \u201aEuthanasie\u2018 von der Antike bis in die Gegenwart sowie der Sterbehilfedebatte in Deutschland.<\/p>\n\n\n\n<p>Im abschlie\u00dfenden Nachwort kommt mit <strong>Margret Hamm<\/strong>, der ehemaligen Gesch\u00e4ftsf\u00fchrerin des \u201eBundes der \u201aEuthanasie\u2018-Gesch\u00e4digten und Zwangssterilisierten\u201c (BEZ) eine \u00fcber viele Jahre engagierte Vertreterin der Betroffenen zu Wort, die den Umgang mit den Opfern auch nach Krieg und NS-Diktatur als \u201eeine Geschichte der Ausgrenzungen und Stigmatisierungen\u201c darstellt.<\/p>\n\n\n\n<br>\n\n\n\n<hr class=\"wp-block-separator has-alpha-channel-opacity\"\/>\n\n\n\n<br>\n\n\n\n<p>Berkessel, Hans\/ Dold, Cornelia (Hrsg.): \u201eDas Leben war jetzt drau\u00dfen, und ich war dort drinnen.\u201c Zwangssterilisation und Ermordung im Rahmen der NS-\u201aEuthanasie\u2018 und ihre Opfer in Mainz und Rheinhessen<br>ISBN 978-3-7344-1517-3<br>176 S., 18,90 \u20ac<br>Auch als E-Book erh\u00e4ltlich<\/p>\n\n\n\n<p>Band 2 unserer Schriftenreihe kann \u00fcber den Wochenschau Verlag <a href=\"https:\/\/www.wochenschau-verlag.de\/Das-Leben-war-draussen-und-ich-war-dort-drinnen\/41517\" target=\"_blank\" rel=\"noreferrer noopener\"><strong>hier<\/strong><\/a> bestellt werden.<\/p>\n\n\n\n<p><strong><a href=\"https:\/\/www.haus-des-erinnerns-mainz.de\/wp-content\/uploads\/2022\/10\/HdE_Einladung_Buchvorstellung_Euthanasie_RZ_2022.pdf\" target=\"_blank\" rel=\"noreferrer noopener\">Hier<\/a> <\/strong>gelangen Sie zum Einladungsflyer zur \u00f6ffentlichen Buchvorstellung am 28. September 2022 im Haus des Erinnerns \u2013 f\u00fcr Demokratie und Akzeptanz Mainz.<\/p>\n","protected":false},"excerpt":{"rendered":"<p>Bei Band 2 unserer Schriftenreihe \u201eErinnerungskultur und Demokratie\u201c handelt es sich um einen begleitenden Sammelband zur gleichnamigen Ausstellung. Erstmals wird in diesem Band die Geschichte der NS-\u201aEuthanasie\u2018 in der Region Mainz und Rheinhessen genauer beleuchtet. Grundlage hierf\u00fcr waren ein Forschungsprojekt und eine Ausstellung. Neben dem regionalgeschichtlichen und biografischen Schwerpunkt vereint&#8230;<\/p>\n<p> <a class=\"continue-reading-link\" href=\"https:\/\/www.haus-des-erinnerns-mainz.de\/index.php\/archiv\/schriftenreihe-hde\/band-2\/\"><span>Weiterlesen<\/span><i class=\"crycon-right-dir\"><\/i><\/a> <\/p>\n","protected":false},"author":4,"featured_media":0,"parent":3676,"menu_order":0,"comment_status":"closed","ping_status":"closed","template":"","meta":{"episode_type":"","audio_file":"","podmotor_file_id":"","podmotor_episode_id":"","cover_image":"","cover_image_id":"","duration":"","filesize":"","filesize_raw":"","date_recorded":"","explicit":"","block":"","ngg_post_thumbnail":0,"_price":"","_stock":"","_tribe_ticket_header":"","_tribe_default_ticket_provider":"","_tribe_ticket_capacity":"0","_ticket_start_date":"","_ticket_end_date":"","_tribe_ticket_show_description":"","_tribe_ticket_show_not_going":false,"_tribe_ticket_use_global_stock":"","_tribe_ticket_global_stock_level":"","_global_stock_mode":"","_global_stock_cap":"","_tribe_rsvp_for_event":"","_tribe_ticket_going_count":"","_tribe_ticket_not_going_count":"","_tribe_tickets_list":"[]","_tribe_ticket_has_attendee_info_fields":false,"footnotes":"","_tec_slr_enabled":"","_tec_slr_layout":""},"class_list":["post-5522","page","type-page","status-publish","hentry"],"ticketed":false,"_links":{"self":[{"href":"https:\/\/www.haus-des-erinnerns-mainz.de\/index.php\/wp-json\/wp\/v2\/pages\/5522","targetHints":{"allow":["GET"]}}],"collection":[{"href":"https:\/\/www.haus-des-erinnerns-mainz.de\/index.php\/wp-json\/wp\/v2\/pages"}],"about":[{"href":"https:\/\/www.haus-des-erinnerns-mainz.de\/index.php\/wp-json\/wp\/v2\/types\/page"}],"author":[{"embeddable":true,"href":"https:\/\/www.haus-des-erinnerns-mainz.de\/index.php\/wp-json\/wp\/v2\/users\/4"}],"replies":[{"embeddable":true,"href":"https:\/\/www.haus-des-erinnerns-mainz.de\/index.php\/wp-json\/wp\/v2\/comments?post=5522"}],"version-history":[{"count":4,"href":"https:\/\/www.haus-des-erinnerns-mainz.de\/index.php\/wp-json\/wp\/v2\/pages\/5522\/revisions"}],"predecessor-version":[{"id":6815,"href":"https:\/\/www.haus-des-erinnerns-mainz.de\/index.php\/wp-json\/wp\/v2\/pages\/5522\/revisions\/6815"}],"up":[{"embeddable":true,"href":"https:\/\/www.haus-des-erinnerns-mainz.de\/index.php\/wp-json\/wp\/v2\/pages\/3676"}],"wp:attachment":[{"href":"https:\/\/www.haus-des-erinnerns-mainz.de\/index.php\/wp-json\/wp\/v2\/media?parent=5522"}],"curies":[{"name":"wp","href":"https:\/\/api.w.org\/{rel}","templated":true}]}}