{"id":1994,"date":"2020-05-07T16:07:40","date_gmt":"2020-05-07T14:07:40","guid":{"rendered":"https:\/\/www.haus-des-erinnerns-mainz.de\/?page_id=1994"},"modified":"2025-09-12T13:54:04","modified_gmt":"2025-09-12T11:54:04","slug":"auf-den-spuren-der-demokratie","status":"publish","type":"page","link":"https:\/\/www.haus-des-erinnerns-mainz.de\/index.php\/projekte-ausstellungen\/projekte\/audioguides\/auf-den-spuren-der-demokratie\/","title":{"rendered":"Auf den Spuren der Demokratie durch Mainz"},"content":{"rendered":"\n<p><\/p>\n\n\n<div class=\"wp-block-image is-resized\">\n<figure class=\"aligncenter size-full\"><img loading=\"lazy\" decoding=\"async\" width=\"2560\" height=\"2560\" src=\"https:\/\/www.haus-des-erinnerns-mainz.de\/wp-content\/uploads\/2025\/09\/Cover_Stadtrundgang_Demokratie_komp-2-scaled.jpg\" alt=\"\" class=\"wp-image-8091\" srcset=\"https:\/\/www.haus-des-erinnerns-mainz.de\/wp-content\/uploads\/2025\/09\/Cover_Stadtrundgang_Demokratie_komp-2-scaled.jpg 2560w, https:\/\/www.haus-des-erinnerns-mainz.de\/wp-content\/uploads\/2025\/09\/Cover_Stadtrundgang_Demokratie_komp-2-300x300.jpg 300w, https:\/\/www.haus-des-erinnerns-mainz.de\/wp-content\/uploads\/2025\/09\/Cover_Stadtrundgang_Demokratie_komp-2-150x150.jpg 150w, https:\/\/www.haus-des-erinnerns-mainz.de\/wp-content\/uploads\/2025\/09\/Cover_Stadtrundgang_Demokratie_komp-2-768x768.jpg 768w, https:\/\/www.haus-des-erinnerns-mainz.de\/wp-content\/uploads\/2025\/09\/Cover_Stadtrundgang_Demokratie_komp-2-1536x1536.jpg 1536w, https:\/\/www.haus-des-erinnerns-mainz.de\/wp-content\/uploads\/2025\/09\/Cover_Stadtrundgang_Demokratie_komp-2-2048x2048.jpg 2048w\" sizes=\"auto, (max-width: 2560px) 100vw, 2560px\" \/><\/figure><\/div>\n\n\n<p class=\"has-medium-font-size\"><br><strong>Allgemeine Informationen zum Rundgang<\/strong><\/p>\n\n\n\n<p>Liebe Besucher*innen, <br>unser Audioguide <strong>\u201eAuf den Spuren der Demokratie\u201d<\/strong> f\u00fchrt Sie an sechs Stationen durch zwei Jahrhunderte der st\u00e4dtischen Demokratiegeschichte. Darin beleuchten wir den Kampf f\u00fcr Grund- und Freiheitsrechte, aber auch die R\u00fcckschritte und Einschnitte auf dem Weg zu unserer heutigen Gesellschaft. <\/p>\n\n\n\n<ul class=\"wp-block-list\">\n<li>Dauer des Rundgangs (H\u00f6rzeit): 67 Minuten <\/li>\n\n\n\n<li>L\u00e4nge des Gehwegs: knapp 3 Kilometer<\/li>\n\n\n\n<li>\u00dcbersichtskarte mit den verschiedenen Stationen zur Orientierung<\/li>\n\n\n\n<li>Bildmaterial zu den jeweiligen Stationen<\/li>\n\n\n\n<li>Stadtf\u00fchrer in gedruckter Form mit zus\u00e4tzlichem Material kann im Buchhandel und nach \u00d6ffnung des Hauses des Erinnerns auch wieder im HdE f\u00fcr 4,00\u20ac gekauft werden <\/li>\n\n\n\n<li>Sprecher*innen: Cornelia Dold, Marius G\u00f6ddert und Janika Schiffel<\/li>\n<\/ul>\n\n\n\n<p class=\"has-medium-font-size\"><br><strong>\u00dcbersichtskarte<\/strong><\/p>\n\n\n\n<iframe loading=\"lazy\" src=\"https:\/\/www.google.com\/maps\/embed?pb=!1m54!1m8!1m3!1d4312.954641634443!2d8.267514143541845!3d50.00201722120756!3m2!1i1024!2i768!4f13.1!4m43!3e2!4m5!1s0x47bd9703027717d7%3A0x4e6126be89113af3!2sHaus%20Des%20Erinnerns%20F%C3%BCr%20Demokratie%2C%2055116%20Mainz!3m2!1d50.003859999999996!2d8.2693969!4m5!1s0x47bd9703a165bbb9%3A0x2ca40638f4093f20!2sPlatz%20der%20Mainzer%20Republik%2C%2055116%20Mainz!3m2!1d50.0046569!2d8.271325!4m5!1s0x47bd971b080f27c9%3A0x34915cd57f87184e!2sMainzer%20Dom%2C%20Markt%2010%2C%2055116%20Mainz!3m2!1d49.9988965!2d8.2739456!4m5!1s0x47bd971bd9a14ab7%3A0x8d69988e14f07a55!2sAppartement%20Kirschgarten%2C%20Kirschgarten%2023%2C%2055116%20Mainz!3m2!1d49.9973526!2d8.2732798!4m5!1s0x47bd971a9dca25a7%3A0xd28a7011961897af!2sFischtorpl.%2C%2055116%20Mainz!3m2!1d49.999541199999996!2d8.277871!4m5!1s0x47bd971ab28860e1%3A0x84aa2f599101fd52!2sStresemann-Ufer%2C%2055116%20Mainz!3m2!1d50.0011545!2d8.2778408!4m5!1s0x47bd9703a165bbb9%3A0x2ca40638f4093f20!2sPlatz%20der%20Mainzer%20Republik%2C%2055116%20Mainz!3m2!1d50.0046569!2d8.271325!5e0!3m2!1sde!2sde!4v1590565868726!5m2!1sde!2sde\" style=\"border:0;\" allowfullscreen=\"\" aria-hidden=\"false\" tabindex=\"0\" width=\"600\" height=\"450\" frameborder=\"0\"><\/iframe>\n\n\n\n<p class=\"has-medium-font-size\"><br><br><br><strong>Station 1: Begr\u00fc\u00dfung und Einf\u00fchrung<\/strong><\/p>\n\n\n<div class=\"wp-block-image\">\n<figure class=\"aligncenter size-large is-resized\"><img loading=\"lazy\" decoding=\"async\" width=\"1024\" height=\"693\" src=\"https:\/\/www.haus-des-erinnerns-mainz.de\/wp-content\/uploads\/2020\/05\/DSC_1983-1024x693.jpg\" alt=\"\" class=\"wp-image-2179\" style=\"width:672px;height:456px\" srcset=\"https:\/\/www.haus-des-erinnerns-mainz.de\/wp-content\/uploads\/2020\/05\/DSC_1983-1024x693.jpg 1024w, https:\/\/www.haus-des-erinnerns-mainz.de\/wp-content\/uploads\/2020\/05\/DSC_1983-300x203.jpg 300w, https:\/\/www.haus-des-erinnerns-mainz.de\/wp-content\/uploads\/2020\/05\/DSC_1983-768x520.jpg 768w, https:\/\/www.haus-des-erinnerns-mainz.de\/wp-content\/uploads\/2020\/05\/DSC_1983-1536x1039.jpg 1536w, https:\/\/www.haus-des-erinnerns-mainz.de\/wp-content\/uploads\/2020\/05\/DSC_1983-2048x1385.jpg 2048w, https:\/\/www.haus-des-erinnerns-mainz.de\/wp-content\/uploads\/2020\/05\/DSC_1983-150x101.jpg 150w\" sizes=\"auto, (max-width: 1024px) 100vw, 1024px\" \/><\/figure><\/div>\n\n\n<p>Titel 1: Begr\u00fc\u00dfung<\/p>\n\n\n\n<figure class=\"wp-block-audio\"><audio controls src=\"https:\/\/www.haus-des-erinnerns-mainz.de\/wp-content\/uploads\/2020\/05\/Station_1_Begr\u00fc\u00dfung.mp3\"><\/audio><\/figure>\n\n\n\n<p class=\"has-medium-font-size\"><br><br><br><strong>Station 2: Ehemaliger Deutschhausplatz \u2013 Die Mainzer Republik<\/strong><\/p>\n\n\n\nngg_shortcode_0_placeholder\n\n\n\n<p><br>Titel 2: Die Mainzer Republik<\/p>\n\n\n\n<figure class=\"wp-block-audio\"><audio controls src=\"https:\/\/www.haus-des-erinnerns-mainz.de\/wp-content\/uploads\/2020\/05\/Station_2_Deutschhausplatz.mp3\"><\/audio><\/figure>\n\n\n\n<p><br>Titel 2a: Georg Forster<\/p>\n\n\n\n<figure class=\"wp-block-audio\"><audio controls src=\"https:\/\/www.haus-des-erinnerns-mainz.de\/wp-content\/uploads\/2020\/05\/Station_2a_Georg_Forster.mp3\"><\/audio><\/figure>\n\n\n\n<p class=\"has-medium-font-size\"><br><br><br><strong>Station 3: Der Domplatz \u2013 Restauration und Vorm\u00e4rz<\/strong><\/p>\n\n\n\nngg_shortcode_1_placeholder\n\n\n\n<p><br>Station 3: Restauration und Vorm\u00e4rz<\/p>\n\n\n\n<figure class=\"wp-block-audio\"><audio controls src=\"https:\/\/www.haus-des-erinnerns-mainz.de\/wp-content\/uploads\/2020\/05\/Station_3_Der_Domplatz.mp3\"><\/audio><\/figure>\n\n\n\n<p><br>Station 3a: Germain Metternich<\/p>\n\n\n\n<figure class=\"wp-block-audio\"><audio controls src=\"https:\/\/www.haus-des-erinnerns-mainz.de\/wp-content\/uploads\/2020\/05\/Station_3a_Germain_Metternich.mp3\"><\/audio><\/figure>\n\n\n\n<p class=\"has-medium-font-size\"><br><br><br><strong>Station 4: Der Kirschgarten \u2013 Die Revolution von 1848<\/strong><\/p>\n\n\n\nngg_shortcode_2_placeholder\n\n\n\n<p><br>Station 4: Die Revolution von 1848<\/p>\n\n\n\n<figure class=\"wp-block-audio\"><audio controls src=\"https:\/\/www.haus-des-erinnerns-mainz.de\/wp-content\/uploads\/2020\/05\/Station_4_Die_Revolution_von_1848.mp3\"><\/audio><\/figure>\n\n\n\n<p><br>Station 4a: Kathinka Zitz-Halein<\/p>\n\n\n\n<figure class=\"wp-block-audio\"><audio controls src=\"https:\/\/www.haus-des-erinnerns-mainz.de\/wp-content\/uploads\/2020\/05\/Station_4a_Kathinka_Zitz_Halein.mp3\"><\/audio><\/figure>\n\n\n\n<p class=\"has-medium-font-size\"><br><br><br><strong>Station 5: Der Fischtorplatz \u2013 Von der deutschen Reichsgr\u00fcndung bis zur Weimarer Republik<\/strong><\/p>\n\n\n\nngg_shortcode_3_placeholder\n\n\n\n<p><br>Station 5: Von der deutschen Reichsgr\u00fcndung bis zur Weimarer Republik<\/p>\n\n\n\n<figure class=\"wp-block-audio\"><audio controls src=\"https:\/\/www.haus-des-erinnerns-mainz.de\/wp-content\/uploads\/2020\/05\/Station_5_Reichsgr\u00fcndung_bis_Weimarer_Republik.mp3\"><\/audio><\/figure>\n\n\n\n<p><br>Station 5a: Bernhard Adelung<\/p>\n\n\n\n<figure class=\"wp-block-audio\"><audio controls src=\"https:\/\/www.haus-des-erinnerns-mainz.de\/wp-content\/uploads\/2020\/05\/Station_5a_Bernhard_Adelung.mp3\"><\/audio><\/figure>\n\n\n\n<p class=\"has-medium-font-size\"><br><br><br><strong>Station 6: Der Jockel-Fuchs-Platz \u2013 Die Zeit des Nationalsozialismus<\/strong><\/p>\n\n\n\nngg_shortcode_4_placeholder\n\n\n\n<p><br>Station 6: Die Zeit des Nationalsozialismus <\/p>\n\n\n\n<figure class=\"wp-block-audio\"><audio controls src=\"https:\/\/www.haus-des-erinnerns-mainz.de\/wp-content\/uploads\/2020\/05\/Station_6_Die_Zeit_des_Nationalsozialismus.mp3\"><\/audio><\/figure>\n\n\n\n<p><br>Station 6a: Max Tschornicki<\/p>\n\n\n\n<figure class=\"wp-block-audio\"><audio controls src=\"https:\/\/www.haus-des-erinnerns-mainz.de\/wp-content\/uploads\/2020\/05\/Station_6a_Max_Tschornicki.mp3\"><\/audio><\/figure>\n\n\n\n<p class=\"has-medium-font-size\"><br><br><br><strong>Station 7: Platz der Mainzer Republik \u2013 Der Neubeginn des demokratischen Staates nach 1945<\/strong><\/p>\n\n\n\nngg_shortcode_5_placeholder\n\n\n\n<p><br>Station 7: Der Neubeginn des demokratischen Staates nach 1945<\/p>\n\n\n\n<figure class=\"wp-block-audio\"><audio controls src=\"https:\/\/www.haus-des-erinnerns-mainz.de\/wp-content\/uploads\/2020\/05\/Station_7_Neubeginn_nach_1945.mp3\"><\/audio><\/figure>\n\n\n\n<p><br>Station 7a: Jakob Steffan<\/p>\n\n\n\n<figure class=\"wp-block-audio\"><audio controls src=\"https:\/\/www.haus-des-erinnerns-mainz.de\/wp-content\/uploads\/2020\/05\/Station_7a_Jakob_Steffan.mp3\"><\/audio><\/figure>\n\n\n\n<p class=\"has-small-font-size\"><br><br><a href=\"https:\/\/www.musicfox.com\/info\/kostenlose-gemafreie-musik.php\">Gemafreie Musik von musicfox<\/a>: Afternoon Highway<\/p>\n\n\n\n<p><br><br><\/p>\n\n\n\n<div class=\"wp-block-group\"><div class=\"wp-block-group__inner-container is-layout-flow wp-block-group-is-layout-flow\">\n<div class=\"wp-block-group\"><div class=\"wp-block-group__inner-container is-layout-flow wp-block-group-is-layout-flow\"><\/div><\/div>\n<\/div><\/div>\n\n\n\n<p><\/p>\n","protected":false},"excerpt":{"rendered":"<p>Allgemeine Informationen zum Rundgang Liebe Besucher*innen, unser Audioguide \u201eAuf den Spuren der Demokratie\u201d f\u00fchrt Sie an sechs Stationen durch zwei Jahrhunderte der st\u00e4dtischen Demokratiegeschichte. Darin beleuchten wir den Kampf f\u00fcr Grund- und Freiheitsrechte, aber auch die R\u00fcckschritte und Einschnitte auf dem Weg zu unserer heutigen Gesellschaft. \u00dcbersichtskarte Station 1: Begr\u00fc\u00dfung&#8230;<\/p>\n<p> <a class=\"continue-reading-link\" href=\"https:\/\/www.haus-des-erinnerns-mainz.de\/index.php\/projekte-ausstellungen\/projekte\/audioguides\/auf-den-spuren-der-demokratie\/\"><span>Weiterlesen<\/span><i class=\"crycon-right-dir\"><\/i><\/a> <\/p>\n","protected":false},"author":4,"featured_media":0,"parent":1869,"menu_order":0,"comment_status":"open","ping_status":"closed","template":"","meta":{"episode_type":"","audio_file":"","podmotor_file_id":"","podmotor_episode_id":"","cover_image":"","cover_image_id":"","duration":"","filesize":"","filesize_raw":"","date_recorded":"","explicit":"","block":"","ngg_post_thumbnail":0,"_price":"","_stock":"","_tribe_ticket_header":"","_tribe_default_ticket_provider":"","_tribe_ticket_capacity":"0","_ticket_start_date":"","_ticket_end_date":"","_tribe_ticket_show_description":"","_tribe_ticket_show_not_going":false,"_tribe_ticket_use_global_stock":"","_tribe_ticket_global_stock_level":"","_global_stock_mode":"","_global_stock_cap":"","_tribe_rsvp_for_event":"","_tribe_ticket_going_count":"","_tribe_ticket_not_going_count":"","_tribe_tickets_list":"[]","_tribe_ticket_has_attendee_info_fields":false,"footnotes":"","_tec_slr_enabled":"","_tec_slr_layout":""},"class_list":["post-1994","page","type-page","status-publish","hentry"],"ticketed":false,"_links":{"self":[{"href":"https:\/\/www.haus-des-erinnerns-mainz.de\/index.php\/wp-json\/wp\/v2\/pages\/1994","targetHints":{"allow":["GET"]}}],"collection":[{"href":"https:\/\/www.haus-des-erinnerns-mainz.de\/index.php\/wp-json\/wp\/v2\/pages"}],"about":[{"href":"https:\/\/www.haus-des-erinnerns-mainz.de\/index.php\/wp-json\/wp\/v2\/types\/page"}],"author":[{"embeddable":true,"href":"https:\/\/www.haus-des-erinnerns-mainz.de\/index.php\/wp-json\/wp\/v2\/users\/4"}],"replies":[{"embeddable":true,"href":"https:\/\/www.haus-des-erinnerns-mainz.de\/index.php\/wp-json\/wp\/v2\/comments?post=1994"}],"version-history":[{"count":44,"href":"https:\/\/www.haus-des-erinnerns-mainz.de\/index.php\/wp-json\/wp\/v2\/pages\/1994\/revisions"}],"predecessor-version":[{"id":8094,"href":"https:\/\/www.haus-des-erinnerns-mainz.de\/index.php\/wp-json\/wp\/v2\/pages\/1994\/revisions\/8094"}],"up":[{"embeddable":true,"href":"https:\/\/www.haus-des-erinnerns-mainz.de\/index.php\/wp-json\/wp\/v2\/pages\/1869"}],"wp:attachment":[{"href":"https:\/\/www.haus-des-erinnerns-mainz.de\/index.php\/wp-json\/wp\/v2\/media?parent=1994"}],"curies":[{"name":"wp","href":"https:\/\/api.w.org\/{rel}","templated":true}]}}