{"id":1566,"date":"2020-04-21T12:34:48","date_gmt":"2020-04-21T10:34:48","guid":{"rendered":"https:\/\/www.haus-des-erinnerns-mainz.de\/?page_id=1566"},"modified":"2022-12-13T12:57:08","modified_gmt":"2022-12-13T11:57:08","slug":"kathinka-zitz-halein","status":"publish","type":"page","link":"https:\/\/www.haus-des-erinnerns-mainz.de\/index.php\/unser-haus\/glaspavillon-streiter-fuer-demokratie\/kathinka-zitz-halein\/","title":{"rendered":"Kathinka Zitz-Halein"},"content":{"rendered":"\n<div class=\"wp-block-media-text alignwide is-stacked-on-mobile\" style=\"grid-template-columns:35% auto\"><figure class=\"wp-block-media-text__media\"><img loading=\"lazy\" decoding=\"async\" width=\"702\" height=\"1024\" src=\"https:\/\/www.haus-des-erinnerns-mainz.de\/wp-content\/uploads\/2020\/04\/03a-Zitz-Haleinbpsf9807a-StAMz-1-702x1024.jpg\" alt=\"\" class=\"wp-image-1567 size-full\" srcset=\"https:\/\/www.haus-des-erinnerns-mainz.de\/wp-content\/uploads\/2020\/04\/03a-Zitz-Haleinbpsf9807a-StAMz-1-702x1024.jpg 702w, https:\/\/www.haus-des-erinnerns-mainz.de\/wp-content\/uploads\/2020\/04\/03a-Zitz-Haleinbpsf9807a-StAMz-1-206x300.jpg 206w, https:\/\/www.haus-des-erinnerns-mainz.de\/wp-content\/uploads\/2020\/04\/03a-Zitz-Haleinbpsf9807a-StAMz-1-768x1121.jpg 768w, https:\/\/www.haus-des-erinnerns-mainz.de\/wp-content\/uploads\/2020\/04\/03a-Zitz-Haleinbpsf9807a-StAMz-1-1052x1536.jpg 1052w, https:\/\/www.haus-des-erinnerns-mainz.de\/wp-content\/uploads\/2020\/04\/03a-Zitz-Haleinbpsf9807a-StAMz-1-103x150.jpg 103w, https:\/\/www.haus-des-erinnerns-mainz.de\/wp-content\/uploads\/2020\/04\/03a-Zitz-Haleinbpsf9807a-StAMz-1.jpg 1256w\" sizes=\"auto, (max-width: 702px) 100vw, 702px\" \/><\/figure><div class=\"wp-block-media-text__content\">\n<p class=\"has-normal-font-size\"><strong>geb.  Kathinka Pauline Modesta Halein<\/strong><br><br><strong>4. November 1801\u20138. M\u00e4rz 1877<br><br>Schriftstellerin und Demokratin aus Mainz<\/strong><\/p>\n<\/div><\/div>\n\n\n\n<p style=\"font-size:12px\">Foto: StAMz<\/p>\n\n\n\n<p><br>Zeitlebens engagierte sich Kathinka Zitz-Halein in ihrer Geburtsstadt Mainz politisch wie literarisch. Geboren am 4. November 1801 am Mainzer Kirschgarten \u2013 also knapp neun Jahre nach Ausrufung der Mainzer Republik \u2013 wuchs sie zun\u00e4chst gutb\u00fcrgerlich im franz\u00f6sisch gepr\u00e4gten Mainz auf und genoss wie ihr Bruder und ihre Schwester eine umfassende Bildung. Bereits mit 14 Jahren ver\u00f6ffentlichte sie erste Schriften, erhielt auch immer wieder Honorare f\u00fcr ihre Werke.<\/p>\n\n\n\n<p>W\u00e4hrend sich die politische Situation in Mainz durch die Beschl\u00fcsse des Wiener Kongress\u2018 grundlegend \u00e4nderte und die Stadt 1816 dem Gro\u00dfherzogtum Hessen-Nassau zugeordnet wurde, verschlechterten sich die finanziellen Verh\u00e4ltnisse der Familie Halein. Kathinkas mehrj\u00e4hrige Verlobung mit dem Offizier Carl Wild wurde gel\u00f6st, 1825 verstarb dann ihre Mutter Anna, geborene Markowitzka. Kathinka nahm daraufhin zun\u00e4chst eine Stelle als Erzieherin in Darmstadt an und leitete anschlie\u00dfend ein Erziehungsinstitut in Kaiserslautern, kehrte aber nach Mainz zur\u00fcck, um ihre erkrankte Schwester bis zu deren Tod 1833 zu pflegen. Auch ihre 1837 geschlossene Ehe mit dem Mainzer Rechtsanwalt Dr. Franz Zitz, sp\u00e4ter Mitglied der Nationalversammlung in der Frankfurter Paulskirche, verlief ungl\u00fccklich. Das Paar trennte sich zwar, Zitz-Halein willigte zun\u00e4chst jedoch nicht in die Scheidung ein.<\/p>\n\n\n\n<p>In den 1840er Jahren engagierte sich Zitz-Halein zunehmend politisch: <strong>So war sie beispielsweise 1849 Mitbegr\u00fcnderin des demokratischen Frauenvereins <em>Humania<\/em>, der Hilfe f\u00fcr Verwundete, politisch Verfolgte und geflohene Aufst\u00e4ndische organisierte und schnell zur gr\u00f6\u00dften damaligen Frauenvereinigung anwuchs.<\/strong> 1850 wurde sie im Mainzer Hochverratsprozess mitangeklagt, jedoch aus Mangel an Beweisen freigesprochen. H\u00e4ufig verarbeitete sie ihre Erfahrungen auch literarisch und publizierte immer wieder in demokratischen Zeitungen und Zeitschriften. Zwar stellte Kathinka Zitz-Halein die traditionelle Geschlechterordnung nie infrage und forderte keine \u201eradikale\u201c politische Gleichberechtigung. Durch ihre aktive Unterst\u00fctzung der demokratischen Bewegung und ihr umfangreiches literarisches Schaffen stellt sie dennoch eine herausragende Pers\u00f6nlichkeit der Mainzer Revolutionszeit dar.<\/p>\n\n\n\n<p>Sie starb am 8. M\u00e4rz 1877 im Alter von 76 Jahren und hinterlie\u00df ein umfassendes literarisches Verm\u00e4chtnis von \u00fcber 30 Buchproduktionen sowie zahlreichen \u00dcbersetzungen und Beitr\u00e4gen in Zeitschriften, Zeitungen und Sammelb\u00e4nden: <strong>Kathinka Zitz-Halein gilt so bis heute als eine der produktivsten Schriftstellerinnen aus der Landeshauptstadt.<\/strong> Ihr Grab befindet sich auf dem Mainzer Hauptfriedhof und zeigt immer noch ihre selbstverfasste Grabinschrift:<\/p>\n\n\n\n<p><em>Alle, die ihr mich hienieden<\/em><em><br>Oft gekr\u00e4nkt so tief und schwer,<br>G\u00f6nnt mir nun im Tode Frieden<br>Und verleumdet mich nicht mehr.<br>Freudlos machtet ihr mein Leben,<br>Kalt zertratet ihr mein Gl\u00fcck.<br>Meine Rache war Vergeben<br>Keinen Groll lie\u00df ich zur\u00fcck.<\/em><\/p>\n\n\n\n<br>\n\n\n\n<h3 class=\"has-background wp-block-heading\" style=\"background-color:#aec2d4\">Der Frauenverein Humania<\/h3>\n\n\n\n<p class=\"has-background\" style=\"background-color:#aec2d4\">In der Revolution von 1848\/49 gab es nicht nur m\u00e4nnliche Aufst\u00e4nde, sondern auch Frauen, die die Ziele der Revolution verfolgten. Aus diesem Grund wurden in Deutschland eine Reihe von Frauenvereinen gegr\u00fcndet. Mit dem Concordia-Verein unter Therese Canton und dem Germania-Verein unter Katharina Betz gab es zwei Vereine, die in Mannheim, wo 1848 auch die ersten M\u00e4rzforderungen gestellt wurden, praktizierten. Nachdem Kathinka Zitz-Halein Kontakt mit den Gr\u00fcnderinnen aufbaute, um Unterst\u00fctzung f\u00fcr den Aufbau eines eigenen Vereins in Mainz zu erhalten, bekam sie die Statute der Frauenvereine und gr\u00fcndete gemeinsam mit Amalia Bamberger, der Mutter eines bedeutenden Revolution\u00e4rs, den Verein \u201eHumania, Mainzer Frauenverein f\u00fcr vaterl\u00e4ndische Interessen\u201c.<br><br>Zu der Gr\u00fcndungsveranstaltung am 16. Mai 1849 wurden \u201edie Frauen und Jungfrauen vom Mainz\u201c \u201ezur Besprechung eines zu gr\u00fcndenden Frauen- und Jungfrauenvereins\u201c in das Mainzer Theatergeb\u00e4ude eingeladen. Hier hielt Kathinka Zitz-Halein eine Rede \u00fcber bedeutende Frauen der Geschichte um dazu aufzurufen sich auch politisch zu engagieren. Daf\u00fcr sollte der Verein politische Gefangene und Verfolgte unterst\u00fctzen und durch die Revolution Verwundete versorgen. Dabei legte Zitz-Halein besonderen Wert auf die Einigkeit innerhalb des Vereins. Die Religion oder der Stand der Frauen sollten dabei keine Rolle spielen.<br><br>In der Satzung des Vereins wurde der ausschlie\u00dflich wohlt\u00e4tige und friedliche Charakter festgelegt. Doch dieses Ideal wurde durch die Gr\u00fcnderin selbst gebrochen, die bereits auf der Gr\u00fcndungsversammlung dazu aufrief Schmuck und Wertgegenst\u00e4nde zu verkaufen, um mit diesen Mitteln Waffen zu kaufen.<br><br>Schlie\u00dflich wurde Zitz-Halein zur Pr\u00e4sidentin und Bamberger zur Vizepr\u00e4sidentin gew\u00e4hlt, die den Vorstand des bis zu 1.647 Mitglieder gro\u00dfen Vereins leiteten. Mit dieser gro\u00dfen Anzahl an Mitglieder kam Humania fast an den 2.000 Mitglieder starken Demokratischen M\u00e4nnerverein in Mainz ran. Zwischenzeitlich m\u00fcssen sogar ca. neun Prozent aller Mainzerinnen Teil des Vereins gewesen sein.<br><br>Finanziert wurde der Frauenverein durch Mitgliedsbeitr\u00e4ge, Spenden, Benefizveranstaltungen und weiteren Einnahmequellen. Mit diesen Geldern wurden das \u201eStreben f\u00fcr das rein Menschliche\u201c verfolgt. Daher wurden vor allem mittellose Frauen, Fl\u00fcchtlinge auf der Durchreise und heimgekehrte Gefangene unterst\u00fctzt. Zudem wurden auch Spenden ins Ausland an Inhaftierte geschickt. Insgesamt lag der Fokus besonders auf den Bed\u00fcrfnissen von Frauen. So wurden Frauen, deren Ehem\u00e4nner im Exil oder in Haft waren besonders unterst\u00fctzt. Nachdem die Revolution jedoch vor\u00fcber war, beschr\u00e4nkten sich die Ziele vor allem auf die Hilfe f\u00fcr Gefangene.<br><br>Trotz des Aufrufs zur inneren Einigkeit und den Erfolgen, die der Verein machen konnte, verlie\u00dfen Zitz-Halein und Bamberg den Verein Mitte 1850 aufgrund von inneren Streitigkeiten. Ein Jahr sp\u00e4ter l\u00f6ste sich der Verein schlie\u00dflich ganz auf, existierte somit aber immerhin ein Jahr l\u00e4nger als die Vorbilder aus Mannheim, die nach der Besetzung Mannheims durch preu\u00dfische Truppen bereits am 26. Juni 1849 verboten wurden.<\/p>\n\n\n\n<br>\n\n\n\n<p><strong>Literaturhinweise:<\/strong><\/p>\n\n\n\n<p>\u00d6zdemir, Derya: \u201eSchwesterlicher Bund\u201c f\u00fcr \u201evaterl\u00e4ndische Interessen\u201c \u2013 Das Projekt eines eigenen Frauenvereins, in: regionalgeschichte.net, &lt;URL: <a href=\"https:\/\/www.regionalgeschichte.net\/bibliothek\/aufsaetze\/oezdemir-derya\/oezdemir-die-beschuetzerin-aller-demokraten-kathinka-zitz-1801-1877-und-die-revolution-von-184849\/4-zum-schutze-des-vaterlandes-das-literarische-gesellschaftliche-und-politische-engagement-von-kathinka-zitz-in-der-revolution-von-184849\/42-schwesterlicher-bund-fuer-vaterlaendische-interessen-das-projekt-eines-eigenen-frauenvereins\/423-vereinsaktivitaeten.html\">https:\/\/www.regionalgeschichte.net\/bibliothek\/aufsaetze\/oezdemir-derya\/oezdemir-die-beschuetzerin-aller-demokraten-kathinka-zitz-1801-1877-und-die-revolution-von-184849\/4-zum-schutze-des-vaterlandes-das-literarische-gesellschaftliche-und-politische-engagement-von-kathinka-zitz-in-der-revolution-von-184849\/42-schwesterlicher-bund-fuer-vaterlaendische-interessen-das-projekt-eines-eigenen-frauenvereins\/423-vereinsaktivitaeten.html<\/a> &gt; [aufgerufen am 29.03.2022].<\/p>\n\n\n\n<p>Weickart, Eva: Biographie: Kathinka Zitz-Halein, in: Frauen.Biographieforschung, &lt;URL: <a href=\"https:\/\/www.fembio.org\/biographie.php\/frau\/biographie\/kathinka-zitz-halein\/\">https:\/\/www.fembio.org\/biographie.php\/frau\/biographie\/kathinka-zitz-halein\/<\/a> &gt; [aufgerufen am 29.03.2022].<\/p>\n","protected":false},"excerpt":{"rendered":"<p>geb. Kathinka Pauline Modesta Halein 4. November 1801\u20138. M\u00e4rz 1877 Schriftstellerin und Demokratin aus Mainz Foto: StAMz Zeitlebens engagierte sich Kathinka Zitz-Halein in ihrer Geburtsstadt Mainz politisch wie literarisch. Geboren am 4. November 1801 am Mainzer Kirschgarten \u2013 also knapp neun Jahre nach Ausrufung der Mainzer Republik \u2013 wuchs sie&#8230;<\/p>\n<p> <a class=\"continue-reading-link\" href=\"https:\/\/www.haus-des-erinnerns-mainz.de\/index.php\/unser-haus\/glaspavillon-streiter-fuer-demokratie\/kathinka-zitz-halein\/\"><span>Weiterlesen<\/span><i class=\"crycon-right-dir\"><\/i><\/a> <\/p>\n","protected":false},"author":4,"featured_media":0,"parent":1556,"menu_order":0,"comment_status":"closed","ping_status":"closed","template":"","meta":{"episode_type":"","audio_file":"","podmotor_file_id":"","podmotor_episode_id":"","cover_image":"","cover_image_id":"","duration":"","filesize":"","filesize_raw":"","date_recorded":"","explicit":"","block":"","ngg_post_thumbnail":0,"_price":"","_stock":"","_tribe_ticket_header":"","_tribe_default_ticket_provider":"","_tribe_ticket_capacity":"0","_ticket_start_date":"","_ticket_end_date":"","_tribe_ticket_show_description":"","_tribe_ticket_show_not_going":false,"_tribe_ticket_use_global_stock":"","_tribe_ticket_global_stock_level":"","_global_stock_mode":"","_global_stock_cap":"","_tribe_rsvp_for_event":"","_tribe_ticket_going_count":"","_tribe_ticket_not_going_count":"","_tribe_tickets_list":"[]","_tribe_ticket_has_attendee_info_fields":false,"footnotes":"","_tec_slr_enabled":"","_tec_slr_layout":""},"class_list":["post-1566","page","type-page","status-publish","hentry"],"ticketed":false,"_links":{"self":[{"href":"https:\/\/www.haus-des-erinnerns-mainz.de\/index.php\/wp-json\/wp\/v2\/pages\/1566","targetHints":{"allow":["GET"]}}],"collection":[{"href":"https:\/\/www.haus-des-erinnerns-mainz.de\/index.php\/wp-json\/wp\/v2\/pages"}],"about":[{"href":"https:\/\/www.haus-des-erinnerns-mainz.de\/index.php\/wp-json\/wp\/v2\/types\/page"}],"author":[{"embeddable":true,"href":"https:\/\/www.haus-des-erinnerns-mainz.de\/index.php\/wp-json\/wp\/v2\/users\/4"}],"replies":[{"embeddable":true,"href":"https:\/\/www.haus-des-erinnerns-mainz.de\/index.php\/wp-json\/wp\/v2\/comments?post=1566"}],"version-history":[{"count":14,"href":"https:\/\/www.haus-des-erinnerns-mainz.de\/index.php\/wp-json\/wp\/v2\/pages\/1566\/revisions"}],"predecessor-version":[{"id":5734,"href":"https:\/\/www.haus-des-erinnerns-mainz.de\/index.php\/wp-json\/wp\/v2\/pages\/1566\/revisions\/5734"}],"up":[{"embeddable":true,"href":"https:\/\/www.haus-des-erinnerns-mainz.de\/index.php\/wp-json\/wp\/v2\/pages\/1556"}],"wp:attachment":[{"href":"https:\/\/www.haus-des-erinnerns-mainz.de\/index.php\/wp-json\/wp\/v2\/media?parent=1566"}],"curies":[{"name":"wp","href":"https:\/\/api.w.org\/{rel}","templated":true}]}}